{"id":18,"date":"2022-06-15T16:17:03","date_gmt":"2022-06-15T08:17:03","guid":{"rendered":"http:\/\/www.idisplayled.com\/?page_id=18"},"modified":"2022-12-16T00:58:16","modified_gmt":"2022-12-15T16:58:16","slug":"news","status":"publish","type":"page","link":"https:\/\/www.idisplayled.com\/pt\/news\/","title":{"rendered":"NOT\u00cdCIAS"},"content":{"rendered":"<p>[fusion_builder_container hundred_percent=&#8221;no&#8221; hundred_percent_height=&#8221;no&#8221; hundred_percent_height_scroll=&#8221;no&#8221; hundred_percent_height_center_content=&#8221;yes&#8221; equal_height_columns=&#8221;no&#8221; hide_on_mobile=&#8221;small-visibility,medium-visibility,large-visibility&#8221; status=&#8221;published&#8221; background_position=&#8221;center bottom&#8221; background_repeat=&#8221;no-repeat&#8221; fade=&#8221;no&#8221; background_parallax=&#8221;none&#8221; enable_mobile=&#8221;no&#8221; parallax_speed=&#8221;0.3&#8243; video_aspect_ratio=&#8221;16:9&#8243; video_loop=&#8221;yes&#8221; video_mute=&#8221;yes&#8221; border_style=&#8221;solid&#8221; padding_top=&#8221;11%&#8221; padding_bottom=&#8221;3%&#8221; background_blend_mode=&#8221;none&#8221; flex_column_spacing=&#8221;0px&#8221; type=&#8221;flex&#8221; background_image=&#8221;http:\/\/www.idisplayled.com\/wp-content\/uploads\/2022\/06\/indoor-LED-display-news.jpg&#8221; gradient_start_color=&#8221;rgba(16,16,21,0.88)&#8221; gradient_end_color=&#8221;rgba(16,16,21,0.86)&#8221;][fusion_builder_row][fusion_builder_column type=&#8221;1_1&#8243; type=&#8221;1_1&#8243; layout=&#8221;1_1&#8243; center_content=&#8221;no&#8221; target=&#8221;_self&#8221; hide_on_mobile=&#8221;small-visibility,medium-visibility,large-visibility&#8221; background_position=&#8221;left top&#8221; background_repeat=&#8221;no-repeat&#8221; hover_type=&#8221;none&#8221; border_style=&#8221;solid&#8221; border_position=&#8221;all&#8221; box_shadow=&#8221;no&#8221; box_shadow_blur=&#8221;0&#8243; box_shadow_spread=&#8221;0&#8243; margin_bottom=&#8221;0px&#8221; animation_type=&#8221;fade&#8221; animation_direction=&#8221;down&#8221; animation_speed=&#8221;1.0&#8243; last=&#8221;true&#8221; element_content=&#8221;&#8221; first=&#8221;true&#8221; border_sizes_top=&#8221;0px&#8221; border_sizes_bottom=&#8221;0px&#8221; border_sizes_left=&#8221;0px&#8221; border_sizes_right=&#8221;0px&#8221; background_blend_mode=&#8221;overlay&#8221; min_height=&#8221;&#8221; link=&#8221;&#8221;][fusion_title title_type=&#8221;text&#8221; rotation_effect=&#8221;bounceIn&#8221; display_time=&#8221;1200&#8243; highlight_effect=&#8221;circle&#8221; loop_animation=&#8221;off&#8221; highlight_width=&#8221;9&#8243; highlight_top_margin=&#8221;0&#8243; title_link=&#8221;off&#8221; link_target=&#8221;_self&#8221; hide_on_mobile=&#8221;small-visibility,medium-visibility,large-visibility&#8221; sticky_display=&#8221;normal,sticky&#8221; content_align=&#8221;center&#8221; size=&#8221;1&#8243; text_shadow=&#8221;no&#8221; text_shadow_blur=&#8221;0&#8243; margin_bottom_small=&#8221;0px&#8221; margin_bottom=&#8221;0px&#8221; margin_bottom_mobile=&#8221;0px&#8221; gradient_font=&#8221;no&#8221; gradient_start_position=&#8221;0&#8243; gradient_end_position=&#8221;100&#8243; gradient_type=&#8221;linear&#8221; radial_direction=&#8221;center center&#8221; linear_angle=&#8221;180&#8243; style_type=&#8221;default&#8221; animation_direction=&#8221;left&#8221; animation_speed=&#8221;0.3&#8243; margin_top=&#8221;0&#8243; margin_top_small=&#8221;40px&#8221;]<\/p>\n<p>BLOG<\/p>\n<p>[\/fusion_title][\/fusion_builder_column][\/fusion_builder_row][\/fusion_builder_container][fusion_builder_container type=&#8221;flex&#8221; hundred_percent=&#8221;yes&#8221; hundred_percent_height=&#8221;no&#8221; hundred_percent_height_scroll=&#8221;no&#8221; align_content=&#8221;stretch&#8221; flex_align_items=&#8221;stretch&#8221; flex_justify_content=&#8221;flex-start&#8221; flex_column_spacing=&#8221;0px&#8221; hundred_percent_height_center_content=&#8221;yes&#8221; equal_height_columns=&#8221;yes&#8221; container_tag=&#8221;div&#8221; hide_on_mobile=&#8221;small-visibility,medium-visibility,large-visibility&#8221; status=&#8221;published&#8221; padding_top=&#8221;4%&#8221; padding_right=&#8221;15%&#8221; padding_bottom=&#8221;2%&#8221; padding_left=&#8221;15%&#8221; link_color=&#8221;var(&#8211;awb-color1)&#8221; link_hover_color=&#8221;var(&#8211;awb-color5)&#8221; border_style=&#8221;solid&#8221; box_shadow=&#8221;no&#8221; box_shadow_blur=&#8221;0&#8243; box_shadow_spread=&#8221;0&#8243; gradient_start_position=&#8221;0&#8243; gradient_end_position=&#8221;100&#8243; gradient_type=&#8221;linear&#8221; radial_direction=&#8221;center center&#8221; linear_angle=&#8221;180&#8243; background_color=&#8221;var(&#8211;awb-color8)&#8221; background_position=&#8221;center center&#8221; background_repeat=&#8221;no-repeat&#8221; fade=&#8221;no&#8221; background_parallax=&#8221;none&#8221; enable_mobile=&#8221;no&#8221; parallax_speed=&#8221;0.3&#8243; background_blend_mode=&#8221;none&#8221; video_aspect_ratio=&#8221;16:9&#8243; video_loop=&#8221;yes&#8221; video_mute=&#8221;yes&#8221; absolute=&#8221;off&#8221; absolute_devices=&#8221;small,medium,large&#8221; sticky=&#8221;off&#8221; sticky_devices=&#8221;small-visibility,medium-visibility,large-visibility&#8221; sticky_transition_offset=&#8221;0&#8243; scroll_offset=&#8221;0&#8243; animation_direction=&#8221;left&#8221; animation_speed=&#8221;0.3&#8243; filter_hue=&#8221;0&#8243; filter_saturation=&#8221;100&#8243; filter_brightness=&#8221;100&#8243; filter_contrast=&#8221;100&#8243; filter_invert=&#8221;0&#8243; filter_sepia=&#8221;0&#8243; filter_opacity=&#8221;100&#8243; filter_blur=&#8221;0&#8243; filter_hue_hover=&#8221;0&#8243; filter_saturation_hover=&#8221;100&#8243; filter_brightness_hover=&#8221;100&#8243; filter_contrast_hover=&#8221;100&#8243; filter_invert_hover=&#8221;0&#8243; filter_sepia_hover=&#8221;0&#8243; filter_opacity_hover=&#8221;100&#8243; filter_blur_hover=&#8221;0&#8243; padding_left_small=&#8221;0&#8243; padding_right_small=&#8221;0&#8243;][fusion_builder_row][fusion_builder_column type=&#8221;1_1&#8243; type=&#8221;1_1&#8243; layout=&#8221;1_1&#8243; center_content=&#8221;no&#8221; target=&#8221;_self&#8221; hide_on_mobile=&#8221;small-visibility,medium-visibility,large-visibility&#8221; background_position=&#8221;left top&#8221; background_repeat=&#8221;no-repeat&#8221; hover_type=&#8221;none&#8221; border_style=&#8221;solid&#8221; border_position=&#8221;all&#8221; box_shadow=&#8221;no&#8221; box_shadow_blur=&#8221;0&#8243; box_shadow_spread=&#8221;0&#8243; animation_type=&#8221;fade&#8221; animation_direction=&#8221;up&#8221; animation_speed=&#8221;1.0&#8243; first=&#8221;true&#8221; last=&#8221;true&#8221; border_sizes_top=&#8221;0px&#8221; border_sizes_bottom=&#8221;0px&#8221; border_sizes_left=&#8221;0px&#8221; border_sizes_right=&#8221;0px&#8221; background_blend_mode=&#8221;overlay&#8221; min_height=&#8221;&#8221; link=&#8221;&#8221;][fusion_blog layout=&#8221;masonry&#8221; equal_heights=&#8221;no&#8221; number_posts=&#8221;6&#8243; offset=&#8221;0&#8243; pull_by=&#8221;category&#8221; orderby=&#8221;date&#8221; order=&#8221;DESC&#8221; thumbnail=&#8221;yes&#8221; title=&#8221;no&#8221; title_link=&#8221;yes&#8221; content_alignment=&#8221;center&#8221; strip_html=&#8221;yes&#8221; meta_all=&#8221;no&#8221; meta_author=&#8221;yes&#8221; meta_categories=&#8221;yes&#8221; meta_comments=&#8221;yes&#8221; meta_date=&#8221;yes&#8221; meta_link=&#8221;yes&#8221; meta_tags=&#8221;yes&#8221; scrolling=&#8221;load_more_button&#8221; hide_on_mobile=&#8221;small-visibility,medium-visibility,large-visibility&#8221; blog_masonry_grid_ratio=&#8221;2.0&#8243; blog_grid_columns=&#8221;2&#8243; grid_box_color=&#8221;rgba(130,130,130,0.68)&#8221; grid_element_color=&#8221;var(&#8211;awb-custom_color_3)&#8221; excerpt_length=&#8221;30&#8243; excerpt=&#8221;yes&#8221; cat_slug=&#8221;blog-and-news&#8221; \/][\/fusion_builder_column][\/fusion_builder_row][\/fusion_builder_container]<\/p>\n","protected":false},"excerpt":{"rendered":"<p>[fusion_builder_container hundred_percent=&#8221;no&#8221; hundred_percent_height=&#8221;no&#8221; hundred_percent_height_scroll=&#8221;no&#8221; hundred_percent_height_center_content=&#8221;yes&#8221; equal_height_columns=&#8221;no&#8221; hide_on_mobile=&#8221;small-visibility,medium-visibility,large-visibility&#8221; status=&#8221;published&#8221; background_position=&#8221;center bottom&#8221; background_repeat=&#8221;no-repeat&#8221; fade=&#8221;no&#8221; background_parallax=&#8221;none&#8221; enable_mobile=&#8221;no&#8221; parallax_speed=&#8221;0.3&#8243; video_aspect_ratio=&#8221;16:9&#8243; video_loop=&#8221;yes&#8221; video_mute=&#8221;yes&#8221; border_style=&#8221;solid&#8221; padding_top=&#8221;11%&#8221; padding_bottom=&#8221;3%&#8221; background_blend_mode=&#8221;none&#8221; flex_column_spacing=&#8221;0px&#8221; type=&#8221;flex&#8221; background_image=&#8221;http:\/\/www.idisplayled.com\/wp-content\/uploads\/2022\/06\/indoor-LED-display-news.jpg&#8221; gradient_start_color=&#8221;rgba(16,16,21,0.88)&#8221; gradient_end_color=&#8221;rgba(16,16,21,0.86)&#8221;][fusion_builder_row][fusion_builder_column type=&#8221;1_1&#8243; type=&#8221;1_1&#8243; layout=&#8221;1_1&#8243; center_content=&#8221;no&#8221; target=&#8221;_self&#8221; hide_on_mobile=&#8221;small-visibility,medium-visibility,large-visibility&#8221; background_position=&#8221;left top&#8221; background_repeat=&#8221;no-repeat&#8221; hover_type=&#8221;none&#8221; border_style=&#8221;solid&#8221; border_position=&#8221;all&#8221; box_shadow=&#8221;no&#8221; box_shadow_blur=&#8221;0&#8243; box_shadow_spread=&#8221;0&#8243; margin_bottom=&#8221;0px&#8221; animation_type=&#8221;fade&#8221; animation_direction=&#8221;down&#8221; animation_speed=&#8221;1.0&#8243; last=&#8221;true&#8221; element_content=&#8221;&#8221; first=&#8221;true&#8221; border_sizes_top=&#8221;0px&#8221; border_sizes_bottom=&#8221;0px&#8221; border_sizes_left=&#8221;0px&#8221; border_sizes_right=&#8221;0px&#8221; background_blend_mode=&#8221;overlay&#8221; min_height=&#8221;&#8221; [&hellip;]<\/p>\n","protected":false},"author":4,"featured_media":0,"parent":0,"menu_order":0,"comment_status":"closed","ping_status":"closed","template":"100-width.php","meta":[],"yoast_head":"<!-- This site is optimized with the Yoast SEO Premium plugin v20.1 (Yoast SEO v20.11) - https:\/\/yoast.com\/wordpress\/plugins\/seo\/ -->\n<title>Electronic Signage LED Video Screens Display Supplier - iDisplay<\/title>\n<meta name=\"description\" content=\"News of Electronic Signage LED Video Screens Display Supplier - iDisplay. This page is about the LED display industry, technology, and Electronic Signage LED Video Screens Display Supplier - iDisplay company news.\" \/>\n<meta name=\"robots\" content=\"index, follow, max-snippet:-1, max-image-preview:large, max-video-preview:-1\" \/>\n<link rel=\"canonical\" href=\"https:\/\/www.idisplayled.com\/pt\/news\/\" \/>\n<meta property=\"og:locale\" content=\"pt_PT\" \/>\n<meta property=\"og:type\" content=\"article\" \/>\n<meta property=\"og:title\" content=\"Electronic Signage LED Video Screens Display Supplier - iDisplay\" \/>\n<meta property=\"og:description\" content=\"News of Electronic Signage LED Video Screens Display Supplier - iDisplay. This page is about the LED display industry, technology, and Electronic Signage LED Video Screens Display Supplier - iDisplay company news.\" \/>\n<meta property=\"og:url\" content=\"https:\/\/www.idisplayled.com\/pt\/news\/\" \/>\n<meta property=\"og:site_name\" content=\"Electronic Signage LED Video Screens Display Supplier - iDisplay\" \/>\n<meta property=\"article:modified_time\" content=\"2022-12-15T16:58:16+00:00\" \/>\n<meta name=\"twitter:card\" content=\"summary_large_image\" \/>\n<meta name=\"twitter:label1\" content=\"Tempo estimado de leitura\" \/>\n\t<meta name=\"twitter:data1\" content=\"2 minutos\" \/>\n<script type=\"application\/ld+json\" class=\"yoast-schema-graph\">{\"@context\":\"https:\/\/schema.org\",\"@graph\":[{\"@type\":\"WebPage\",\"@id\":\"https:\/\/www.idisplayled.com\/de\/news\/\",\"url\":\"https:\/\/www.idisplayled.com\/de\/news\/\",\"name\":\"Electronic Signage LED Video Screens Display Supplier - iDisplay\",\"isPartOf\":{\"@id\":\"https:\/\/www.idisplayled.com\/#website\"},\"datePublished\":\"2022-06-15T08:17:03+00:00\",\"dateModified\":\"2022-12-15T16:58:16+00:00\",\"description\":\"News of Electronic Signage LED Video Screens Display Supplier - iDisplay. This page is about the LED display industry, technology, and Electronic Signage LED Video Screens Display Supplier - iDisplay company news.\",\"inLanguage\":\"pt-PT\",\"potentialAction\":[{\"@type\":\"ReadAction\",\"target\":[\"https:\/\/www.idisplayled.com\/de\/news\/\"]}]},{\"@type\":\"WebSite\",\"@id\":\"https:\/\/www.idisplayled.com\/#website\",\"url\":\"https:\/\/www.idisplayled.com\/\",\"name\":\"Electronic Signage LED Video Screens Display Supplier - iDisplay\",\"description\":\"iDisplay is a LED display supplier that was founded in 2018. Headquartered in Shenzhen, China with a factory.\",\"potentialAction\":[{\"@type\":\"SearchAction\",\"target\":{\"@type\":\"EntryPoint\",\"urlTemplate\":\"https:\/\/www.idisplayled.com\/?s={search_term_string}\"},\"query-input\":\"required name=search_term_string\"}],\"inLanguage\":\"pt-PT\"}]}<\/script>\n<!-- \/ Yoast SEO Premium plugin. -->","yoast_head_json":{"title":"Fornecedor de ecr\u00e3s de v\u00eddeo LED para sinaliza\u00e7\u00e3o eletr\u00f3nica - iDisplay","description":"News of Electronic Signage LED Video Screens Display Supplier - iDisplay. This page is about the LED display industry, technology, and Electronic Signage LED Video Screens Display Supplier - iDisplay company news.","robots":{"index":"index","follow":"follow","max-snippet":"max-snippet:-1","max-image-preview":"max-image-preview:large","max-video-preview":"max-video-preview:-1"},"canonical":"https:\/\/www.idisplayled.com\/pt\/news\/","og_locale":"pt_PT","og_type":"article","og_title":"Electronic Signage LED Video Screens Display Supplier - iDisplay","og_description":"News of Electronic Signage LED Video Screens Display Supplier - iDisplay. This page is about the LED display industry, technology, and Electronic Signage LED Video Screens Display Supplier - iDisplay company news.","og_url":"https:\/\/www.idisplayled.com\/pt\/news\/","og_site_name":"Electronic Signage LED Video Screens Display Supplier - iDisplay","article_modified_time":"2022-12-15T16:58:16+00:00","twitter_card":"summary_large_image","twitter_misc":{"Tempo estimado de leitura":"2 minutos"},"schema":{"@context":"https:\/\/schema.org","@graph":[{"@type":"WebPage","@id":"https:\/\/www.idisplayled.com\/de\/news\/","url":"https:\/\/www.idisplayled.com\/de\/news\/","name":"Fornecedor de ecr\u00e3s de v\u00eddeo LED para sinaliza\u00e7\u00e3o eletr\u00f3nica - iDisplay","isPartOf":{"@id":"https:\/\/www.idisplayled.com\/#website"},"datePublished":"2022-06-15T08:17:03+00:00","dateModified":"2022-12-15T16:58:16+00:00","description":"News of Electronic Signage LED Video Screens Display Supplier - iDisplay. This page is about the LED display industry, technology, and Electronic Signage LED Video Screens Display Supplier - iDisplay company news.","inLanguage":"pt-PT","potentialAction":[{"@type":"ReadAction","target":["https:\/\/www.idisplayled.com\/de\/news\/"]}]},{"@type":"WebSite","@id":"https:\/\/www.idisplayled.com\/#website","url":"https:\/\/www.idisplayled.com\/","name":"Fornecedor de ecr\u00e3s de v\u00eddeo LED para sinaliza\u00e7\u00e3o eletr\u00f3nica - iDisplay","description":"A iDisplay \u00e9 um fornecedor de ecr\u00e3s LED que foi fundado em 2018. Sediada em Shenzhen, China, com uma f\u00e1brica.","potentialAction":[{"@type":"SearchAction","target":{"@type":"EntryPoint","urlTemplate":"https:\/\/www.idisplayled.com\/?s={search_term_string}"},"query-input":"required name=search_term_string"}],"inLanguage":"pt-PT"}]}},"_links":{"self":[{"href":"https:\/\/www.idisplayled.com\/pt\/wp-json\/wp\/v2\/pages\/18"}],"collection":[{"href":"https:\/\/www.idisplayled.com\/pt\/wp-json\/wp\/v2\/pages"}],"about":[{"href":"https:\/\/www.idisplayled.com\/pt\/wp-json\/wp\/v2\/types\/page"}],"author":[{"embeddable":true,"href":"https:\/\/www.idisplayled.com\/pt\/wp-json\/wp\/v2\/users\/4"}],"replies":[{"embeddable":true,"href":"https:\/\/www.idisplayled.com\/pt\/wp-json\/wp\/v2\/comments?post=18"}],"version-history":[{"count":9,"href":"https:\/\/www.idisplayled.com\/pt\/wp-json\/wp\/v2\/pages\/18\/revisions"}],"predecessor-version":[{"id":8356,"href":"https:\/\/www.idisplayled.com\/pt\/wp-json\/wp\/v2\/pages\/18\/revisions\/8356"}],"wp:attachment":[{"href":"https:\/\/www.idisplayled.com\/pt\/wp-json\/wp\/v2\/media?parent=18"}],"curies":[{"name":"wp","href":"https:\/\/api.w.org\/{rel}","templated":true}]}}