{"id":4106,"date":"2022-06-02T16:14:47","date_gmt":"2022-06-02T08:14:47","guid":{"rendered":"https:\/\/idisplay.botea.top\/?page_id=4106"},"modified":"2022-07-03T01:11:27","modified_gmt":"2022-07-02T17:11:27","slug":"corporate-faq","status":"publish","type":"page","link":"https:\/\/www.idisplayled.com\/fr\/corporate-faq","title":{"rendered":"Corporate FAQ"},"content":{"rendered":"<p>[fusion_builder_container hundred_percent=&#8221;no&#8221; equal_height_columns=&#8221;no&#8221; hide_on_mobile=&#8221;no&#8221; background_position=&#8221;center center&#8221; background_repeat=&#8221;no-repeat&#8221; fade=&#8221;no&#8221; background_parallax=&#8221;none&#8221; enable_mobile=&#8221;no&#8221; parallax_speed=&#8221;0.3&#8243; video_aspect_ratio=&#8221;16:9&#8243; video_loop=&#8221;yes&#8221; video_mute=&#8221;yes&#8221; border_style=&#8221;solid&#8221; border_sizes_top=&#8221;0px&#8221; border_sizes_bottom=&#8221;0px&#8221; border_sizes_left=&#8221;0px&#8221; border_sizes_right=&#8221;0px&#8221; type=&#8221;flex&#8221; flex_align_items=&#8221;center&#8221; margin_bottom=&#8221;120px&#8221; animation_type=&#8221;fade&#8221; animation_direction=&#8221;up&#8221; animation_speed=&#8221;1.3&#8243; margin_bottom_medium=&#8221;80px&#8221; margin_bottom_small=&#8221;60px&#8221; admin_label=&#8221;FAQ &#8211; Info&#8221; admin_toggled=&#8221;yes&#8221;][fusion_builder_row][fusion_builder_column type=&#8221;40.00&#8243; type=&#8221;40.00&#8243; layout=&#8221;1_2&#8243; spacing=&#8221;yes&#8221; center_content=&#8221;no&#8221; hover_type=&#8221;none&#8221; hide_on_mobile=&#8221;no&#8221; background_position=&#8221;left top&#8221; background_repeat=&#8221;no-repeat&#8221; border_style=&#8221;solid&#8221; border_position=&#8221;all&#8221; animation_direction=&#8221;left&#8221; animation_speed=&#8221;0.1&#8243; last=&#8221;false&#8221; first=&#8221;true&#8221; margin_bottom=&#8221;80px&#8221; background_blend_mode=&#8221;overlay&#8221; type_medium=&#8221;40&#8243; margin_bottom_small=&#8221;15px&#8221; min_height=&#8221;&#8221; link=&#8221;&#8221;][fusion_text text_color=&#8221;var(&#8211;awb-color4)&#8221; font_size=&#8221;var(&#8211;awb-typography2-font-size)&#8221; fusion_font_family_text_font=&#8221;var(&#8211;awb-typography2-font-family)&#8221; line_height=&#8221;var(&#8211;awb-typography2-line-height)&#8221; letter_spacing=&#8221;var(&#8211;awb-typography2-letter-spacing)&#8221; text_transform=&#8221;var(&#8211;awb-typography2-text-transform)&#8221;]<\/p>\n<p style=\"letter-spacing: 3px;\">WELCOME TO CORPORATE FAQ<\/p>\n<p>[\/fusion_text][fusion_title content_align=&#8221;left&#8221; size=&#8221;2&#8243; style_type=&#8221;default&#8221; hide_on_mobile=&#8221;small-visibility,medium-visibility,large-visibility&#8221; margin_bottom=&#8221;0&#8243; font_size=&#8221;37px&#8221; line_height=&#8221;50px&#8221;]<\/p>\n<p>Here Is The Most Frequently Asked Questions.<\/p>\n<p>[\/fusion_title][\/fusion_builder_column][fusion_builder_column type=&#8221;60.00&#8243; type=&#8221;60.00&#8243; layout=&#8221;1_2&#8243; last=&#8221;true&#8221; spacing=&#8221;yes&#8221; center_content=&#8221;no&#8221; hide_on_mobile=&#8221;no&#8221; background_repeat=&#8221;no-repeat&#8221; background_position=&#8221;left top&#8221; hover_type=&#8221;none&#8221; border_position=&#8221;all&#8221; animation_speed=&#8221;0.1&#8243; first=&#8221;false&#8221; margin_bottom=&#8221;80px&#8221; background_blend_mode=&#8221;overlay&#8221; type_medium=&#8221;60&#8243; spacing_left=&#8221;4%&#8221; min_height=&#8221;&#8221; link=&#8221;&#8221;][fusion_text margin_bottom=&#8221;0&#8243; text_color=&#8221;var(&#8211;awb-color7)&#8221;]<\/p>\n<p>Quisque blandit dolor risus, sed dapibus dui facilisis sed. Donec eu porta elit. Aliquam porta sollicitudin ante, ac fermentum orci mattis et. Phasellus ac nibh eleifend, sagittis purus nec, elementum massa.<\/p>\n<p>[\/fusion_text][\/fusion_builder_column][fusion_builder_column type=&#8221;1_1&#8243; type=&#8221;1_1&#8243; layout=&#8221;1_1&#8243; align_self=&#8221;auto&#8221; content_layout=&#8221;column&#8221; align_content=&#8221;flex-start&#8221; valign_content=&#8221;flex-start&#8221; content_wrap=&#8221;wrap&#8221; center_content=&#8221;no&#8221; target=&#8221;_self&#8221; hide_on_mobile=&#8221;small-visibility,medium-visibility,large-visibility&#8221; sticky_display=&#8221;normal,sticky&#8221; order_medium=&#8221;0&#8243; order_small=&#8221;0&#8243; hover_type=&#8221;none&#8221; border_style=&#8221;solid&#8221; box_shadow=&#8221;no&#8221; box_shadow_blur=&#8221;0&#8243; box_shadow_spread=&#8221;0&#8243; background_type=&#8221;single&#8221; gradient_start_position=&#8221;0&#8243; gradient_end_position=&#8221;100&#8243; gradient_type=&#8221;linear&#8221; radial_direction=&#8221;center center&#8221; linear_angle=&#8221;180&#8243; background_position=&#8221;left top&#8221; background_repeat=&#8221;no-repeat&#8221; background_blend_mode=&#8221;none&#8221; filter_type=&#8221;regular&#8221; filter_hue=&#8221;0&#8243; filter_saturation=&#8221;100&#8243; filter_brightness=&#8221;100&#8243; filter_contrast=&#8221;100&#8243; filter_invert=&#8221;0&#8243; filter_sepia=&#8221;0&#8243; filter_opacity=&#8221;100&#8243; filter_blur=&#8221;0&#8243; filter_hue_hover=&#8221;0&#8243; filter_saturation_hover=&#8221;100&#8243; filter_brightness_hover=&#8221;100&#8243; filter_contrast_hover=&#8221;100&#8243; filter_invert_hover=&#8221;0&#8243; filter_sepia_hover=&#8221;0&#8243; filter_opacity_hover=&#8221;100&#8243; filter_blur_hover=&#8221;0&#8243; animation_direction=&#8221;left&#8221; animation_speed=&#8221;0.3&#8243; margin_bottom=&#8221;0px&#8221; last=&#8221;true&#8221; border_position=&#8221;all&#8221; first=&#8221;true&#8221; min_height=&#8221;&#8221; link=&#8221;&#8221;][fusion_faq filters=&#8221;no&#8221; number_posts=&#8221;-1&#8243; orderby=&#8221;date&#8221; order=&#8221;DESC&#8221; hide_on_mobile=&#8221;small-visibility,medium-visibility,large-visibility&#8221; title_font_size=&#8221;20px&#8221; boxed_mode=&#8221;yes&#8221; border_size=&#8221;0&#8243; border_color=&#8221;var(&#8211;awb-color4)&#8221; background_color=&#8221;hsla(var(&#8211;awb-color4-h),var(&#8211;awb-color4-s),var(&#8211;awb-color4-l),calc( var(&#8211;awb-color4-a) &#8211; 90% ))&#8221; icon_boxed_mode=&#8221;yes&#8221; icon_alignment=&#8221;right&#8221; icon_box_color=&#8221;var(&#8211;awb-color4)&#8221; toggle_hover_accent_color=&#8221;hsla(var(&#8211;awb-color8-h),var(&#8211;awb-color8-s),calc( var(&#8211;awb-color8-l) + 38% ),var(&#8211;awb-color8-a))&#8221; \/][\/fusion_builder_column][\/fusion_builder_row][\/fusion_builder_container][fusion_builder_container type=&#8221;flex&#8221; hundred_percent=&#8221;yes&#8221; hundred_percent_height=&#8221;no&#8221; hundred_percent_height_scroll=&#8221;no&#8221; align_content=&#8221;stretch&#8221; flex_align_items=&#8221;flex-start&#8221; flex_justify_content=&#8221;flex-start&#8221; hundred_percent_height_center_content=&#8221;yes&#8221; equal_height_columns=&#8221;no&#8221; container_tag=&#8221;div&#8221; hide_on_mobile=&#8221;small-visibility,medium-visibility,large-visibility&#8221; status=&#8221;published&#8221; border_style=&#8221;solid&#8221; box_shadow=&#8221;no&#8221; box_shadow_blur=&#8221;0&#8243; box_shadow_spread=&#8221;0&#8243; gradient_start_position=&#8221;0&#8243; gradient_end_position=&#8221;100&#8243; gradient_type=&#8221;linear&#8221; radial_direction=&#8221;center center&#8221; linear_angle=&#8221;180&#8243; background_position=&#8221;center center&#8221; background_repeat=&#8221;no-repeat&#8221; fade=&#8221;no&#8221; background_parallax=&#8221;none&#8221; enable_mobile=&#8221;no&#8221; parallax_speed=&#8221;0.3&#8243; background_blend_mode=&#8221;none&#8221; video_aspect_ratio=&#8221;16:9&#8243; video_loop=&#8221;yes&#8221; video_mute=&#8221;yes&#8221; absolute=&#8221;off&#8221; absolute_devices=&#8221;small,medium,large&#8221; sticky=&#8221;off&#8221; sticky_devices=&#8221;small-visibility,medium-visibility,large-visibility&#8221; sticky_transition_offset=&#8221;0&#8243; scroll_offset=&#8221;0&#8243; animation_direction=&#8221;left&#8221; animation_speed=&#8221;0.3&#8243; filter_hue=&#8221;0&#8243; filter_saturation=&#8221;100&#8243; filter_brightness=&#8221;100&#8243; filter_contrast=&#8221;100&#8243; filter_invert=&#8221;0&#8243; filter_sepia=&#8221;0&#8243; filter_opacity=&#8221;100&#8243; filter_blur=&#8221;0&#8243; filter_hue_hover=&#8221;0&#8243; filter_saturation_hover=&#8221;100&#8243; filter_brightness_hover=&#8221;100&#8243; filter_contrast_hover=&#8221;100&#8243; filter_invert_hover=&#8221;0&#8243; filter_sepia_hover=&#8221;0&#8243; filter_opacity_hover=&#8221;100&#8243; filter_blur_hover=&#8221;0&#8243; padding_left=&#8221;0px&#8221; padding_right=&#8221;0px&#8221; link_color=&#8221;var(&#8211;awb-color1)&#8221; padding_bottom=&#8221;0&#8243; margin_bottom=&#8221;0&#8243; background_color=&#8221;hsla(var(&#8211;awb-color8-h),var(&#8211;awb-color8-s),calc( var(&#8211;awb-color8-l) + 16% ),var(&#8211;awb-color8-a))&#8221;][fusion_builder_row][fusion_builder_column type=&#8221;1_1&#8243; type=&#8221;1_1&#8243; layout=&#8221;1_1&#8243; align_self=&#8221;auto&#8221; content_layout=&#8221;column&#8221; align_content=&#8221;flex-start&#8221; valign_content=&#8221;flex-start&#8221; content_wrap=&#8221;wrap&#8221; center_content=&#8221;no&#8221; target=&#8221;_self&#8221; hide_on_mobile=&#8221;small-visibility,medium-visibility,large-visibility&#8221; sticky_display=&#8221;normal,sticky&#8221; order_medium=&#8221;0&#8243; order_small=&#8221;0&#8243; hover_type=&#8221;none&#8221; border_style=&#8221;solid&#8221; box_shadow=&#8221;no&#8221; box_shadow_blur=&#8221;0&#8243; box_shadow_spread=&#8221;0&#8243; background_type=&#8221;single&#8221; gradient_start_position=&#8221;0&#8243; gradient_end_position=&#8221;100&#8243; gradient_type=&#8221;linear&#8221; radial_direction=&#8221;center center&#8221; linear_angle=&#8221;180&#8243; background_position=&#8221;left top&#8221; background_repeat=&#8221;no-repeat&#8221; background_blend_mode=&#8221;none&#8221; filter_type=&#8221;regular&#8221; filter_hue=&#8221;0&#8243; filter_saturation=&#8221;100&#8243; filter_brightness=&#8221;100&#8243; filter_contrast=&#8221;100&#8243; filter_invert=&#8221;0&#8243; filter_sepia=&#8221;0&#8243; filter_opacity=&#8221;100&#8243; filter_blur=&#8221;0&#8243; filter_hue_hover=&#8221;0&#8243; filter_saturation_hover=&#8221;100&#8243; filter_brightness_hover=&#8221;100&#8243; filter_contrast_hover=&#8221;100&#8243; filter_invert_hover=&#8221;0&#8243; filter_sepia_hover=&#8221;0&#8243; filter_opacity_hover=&#8221;100&#8243; filter_blur_hover=&#8221;0&#8243; animation_direction=&#8221;left&#8221; animation_speed=&#8221;0.3&#8243; margin_bottom=&#8221;0px&#8221; last=&#8221;true&#8221; border_position=&#8221;all&#8221; padding_bottom=&#8221;0&#8243; first=&#8221;true&#8221; min_height=&#8221;&#8221; link=&#8221;&#8221;][fusion_post_cards post_card=&#8221;3784&#8243; post_card_list_view=&#8221;0&#8243; source=&#8221;posts&#8221; post_type=&#8221;post&#8221; posts_by=&#8221;all&#8221; out_of_stock=&#8221;include&#8221; show_hidden=&#8221;no&#8221; number_posts=&#8221;3&#8243; orderby=&#8221;date&#8221; orderby_term=&#8221;name&#8221; order=&#8221;DESC&#8221; scrolling=&#8221;no&#8221; hide_on_mobile=&#8221;large-visibility&#8221; layout=&#8221;grid&#8221; flex_align_items=&#8221;stretch&#8221; columns_medium=&#8221;0&#8243; columns_small=&#8221;0&#8243; columns=&#8221;3&#8243; column_spacing=&#8221;1&#8243; row_spacing=&#8221;1&#8243; separator_style_type=&#8221;none&#8221; separator_alignment=&#8221;center&#8221; autoplay=&#8221;no&#8221; show_nav=&#8221;yes&#8221; mouse_scroll=&#8221;no&#8221; slider_animation=&#8221;fade&#8221; animation_direction=&#8221;static&#8221; animation_speed=&#8221;1.3&#8243; animation_delay=&#8221;0.3&#8243; margin_bottom=&#8221;0&#8243; offset=&#8221;7&#8243; animation_type=&#8221;fade&#8221; \/][fusion_post_cards post_card=&#8221;3784&#8243; post_card_list_view=&#8221;0&#8243; source=&#8221;posts&#8221; post_type=&#8221;post&#8221; posts_by=&#8221;all&#8221; out_of_stock=&#8221;include&#8221; show_hidden=&#8221;no&#8221; number_posts=&#8221;2&#8243; orderby=&#8221;date&#8221; orderby_term=&#8221;name&#8221; order=&#8221;DESC&#8221; scrolling=&#8221;no&#8221; hide_on_mobile=&#8221;small-visibility,medium-visibility&#8221; layout=&#8221;grid&#8221; flex_align_items=&#8221;stretch&#8221; columns_medium=&#8221;2&#8243; columns_small=&#8221;1&#8243; columns=&#8221;3&#8243; column_spacing=&#8221;1&#8243; row_spacing=&#8221;1&#8243; separator_style_type=&#8221;none&#8221; separator_alignment=&#8221;center&#8221; autoplay=&#8221;no&#8221; show_nav=&#8221;yes&#8221; mouse_scroll=&#8221;no&#8221; slider_animation=&#8221;fade&#8221; animation_direction=&#8221;static&#8221; animation_speed=&#8221;1.3&#8243; animation_delay=&#8221;0.3&#8243; margin_bottom=&#8221;0&#8243; offset=&#8221;7&#8243; animation_type=&#8221;fade&#8221; \/][\/fusion_builder_column][\/fusion_builder_row][\/fusion_builder_container]<\/p>\n","protected":false},"excerpt":{"rendered":"<p>[fusion_builder_container hundred_percent=&#8221;no&#8221; equal_height_columns=&#8221;no&#8221; hide_on_mobile=&#8221;no&#8221; background_position=&#8221;center center&#8221; background_repeat=&#8221;no-repeat&#8221; fade=&#8221;no&#8221; background_parallax=&#8221;none&#8221; enable_mobile=&#8221;no&#8221; parallax_speed=&#8221;0.3&#8243; video_aspect_ratio=&#8221;16:9&#8243; video_loop=&#8221;yes&#8221; video_mute=&#8221;yes&#8221; border_style=&#8221;solid&#8221; border_sizes_top=&#8221;0px&#8221; border_sizes_bottom=&#8221;0px&#8221; border_sizes_left=&#8221;0px&#8221; border_sizes_right=&#8221;0px&#8221; type=&#8221;flex&#8221; flex_align_items=&#8221;center&#8221; margin_bottom=&#8221;120px&#8221; animation_type=&#8221;fade&#8221; animation_direction=&#8221;up&#8221; animation_speed=&#8221;1.3&#8243; margin_bottom_medium=&#8221;80px&#8221; margin_bottom_small=&#8221;60px&#8221; admin_label=&#8221;FAQ &#8211; Info&#8221; admin_toggled=&#8221;yes&#8221;][fusion_builder_row][fusion_builder_column type=&#8221;40.00&#8243; type=&#8221;40.00&#8243; layout=&#8221;1_2&#8243; spacing=&#8221;yes&#8221; center_content=&#8221;no&#8221; hover_type=&#8221;none&#8221; hide_on_mobile=&#8221;no&#8221; background_position=&#8221;left top&#8221; background_repeat=&#8221;no-repeat&#8221; border_style=&#8221;solid&#8221; border_position=&#8221;all&#8221; animation_direction=&#8221;left&#8221; animation_speed=&#8221;0.1&#8243; last=&#8221;false&#8221; first=&#8221;true&#8221; margin_bottom=&#8221;80px&#8221; background_blend_mode=&#8221;overlay&#8221; type_medium=&#8221;40&#8243; margin_bottom_small=&#8221;15px&#8221; min_height=&#8221;&#8221; link=&#8221;&#8221;][fusion_text text_color=&#8221;var(&#8211;awb-color4)&#8221; font_size=&#8221;var(&#8211;awb-typography2-font-size)&#8221; [&hellip;]<\/p>\n","protected":false},"author":4,"featured_media":0,"parent":0,"menu_order":0,"comment_status":"closed","ping_status":"closed","template":"100-width.php","meta":[],"yoast_head":"<!-- This site is optimized with the Yoast SEO Premium plugin v20.1 (Yoast SEO v20.11) - https:\/\/yoast.com\/wordpress\/plugins\/seo\/ -->\n<title>Electronic Signage LED Video Screens Display Supplier - iDisplay<\/title>\n<meta name=\"description\" content=\"iDisplay is a LED display supplier that was founded in 2018. Headquartered in Shenzhen, China with a factory.\" \/>\n<meta name=\"robots\" content=\"index, follow, max-snippet:-1, max-image-preview:large, max-video-preview:-1\" \/>\n<link rel=\"canonical\" href=\"https:\/\/www.idisplayled.com\/fr\/corporate-faq\/\" \/>\n<meta property=\"og:locale\" content=\"fr_FR\" \/>\n<meta property=\"og:type\" content=\"article\" \/>\n<meta property=\"og:title\" content=\"Electronic Signage LED Video Screens Display Supplier - iDisplay\" \/>\n<meta property=\"og:description\" content=\"iDisplay is a LED display supplier that was founded in 2018. Headquartered in Shenzhen, China with a factory.\" \/>\n<meta property=\"og:url\" content=\"https:\/\/www.idisplayled.com\/fr\/corporate-faq\/\" \/>\n<meta property=\"og:site_name\" content=\"Electronic Signage LED Video Screens Display Supplier - iDisplay\" \/>\n<meta property=\"article:modified_time\" content=\"2022-07-02T17:11:27+00:00\" \/>\n<meta name=\"twitter:card\" content=\"summary_large_image\" \/>\n<meta name=\"twitter:label1\" content=\"Dur\u00e9e de lecture estim\u00e9e\" \/>\n\t<meta name=\"twitter:data1\" content=\"5 minutes\" \/>\n<script type=\"application\/ld+json\" class=\"yoast-schema-graph\">{\"@context\":\"https:\/\/schema.org\",\"@graph\":[{\"@type\":\"WebPage\",\"@id\":\"https:\/\/www.idisplayled.com\/corporate-faq\",\"url\":\"https:\/\/www.idisplayled.com\/corporate-faq\",\"name\":\"Electronic Signage LED Video Screens Display Supplier - iDisplay\",\"isPartOf\":{\"@id\":\"https:\/\/www.idisplayled.com\/#website\"},\"datePublished\":\"2022-06-02T08:14:47+00:00\",\"dateModified\":\"2022-07-02T17:11:27+00:00\",\"description\":\"iDisplay is a LED display supplier that was founded in 2018. Headquartered in Shenzhen, China with a factory.\",\"inLanguage\":\"fr-FR\",\"potentialAction\":[{\"@type\":\"ReadAction\",\"target\":[\"https:\/\/www.idisplayled.com\/corporate-faq\"]}]},{\"@type\":\"WebSite\",\"@id\":\"https:\/\/www.idisplayled.com\/#website\",\"url\":\"https:\/\/www.idisplayled.com\/\",\"name\":\"Electronic Signage LED Video Screens Display Supplier - iDisplay\",\"description\":\"iDisplay is a LED display supplier that was founded in 2018. Headquartered in Shenzhen, China with a factory.\",\"potentialAction\":[{\"@type\":\"SearchAction\",\"target\":{\"@type\":\"EntryPoint\",\"urlTemplate\":\"https:\/\/www.idisplayled.com\/?s={search_term_string}\"},\"query-input\":\"required name=search_term_string\"}],\"inLanguage\":\"fr-FR\"}]}<\/script>\n<!-- \/ Yoast SEO Premium plugin. -->","yoast_head_json":{"title":"Signalisation \u00e9lectronique Ecrans vid\u00e9o LED Fournisseur d'\u00e9crans - iDisplay","description":"iDisplay est un fournisseur d'\u00e9crans LED fond\u00e9 en 2018. Son si\u00e8ge social se trouve \u00e0 Shenzhen, en Chine, avec une usine.","robots":{"index":"index","follow":"follow","max-snippet":"max-snippet:-1","max-image-preview":"max-image-preview:large","max-video-preview":"max-video-preview:-1"},"canonical":"https:\/\/www.idisplayled.com\/fr\/corporate-faq\/","og_locale":"fr_FR","og_type":"article","og_title":"Electronic Signage LED Video Screens Display Supplier - iDisplay","og_description":"iDisplay is a LED display supplier that was founded in 2018. Headquartered in Shenzhen, China with a factory.","og_url":"https:\/\/www.idisplayled.com\/fr\/corporate-faq\/","og_site_name":"Electronic Signage LED Video Screens Display Supplier - iDisplay","article_modified_time":"2022-07-02T17:11:27+00:00","twitter_card":"summary_large_image","twitter_misc":{"Dur\u00e9e de lecture estim\u00e9e":"5 minutes"},"schema":{"@context":"https:\/\/schema.org","@graph":[{"@type":"WebPage","@id":"https:\/\/www.idisplayled.com\/corporate-faq","url":"https:\/\/www.idisplayled.com\/corporate-faq","name":"Signalisation \u00e9lectronique Ecrans vid\u00e9o LED Fournisseur d'\u00e9crans - iDisplay","isPartOf":{"@id":"https:\/\/www.idisplayled.com\/#website"},"datePublished":"2022-06-02T08:14:47+00:00","dateModified":"2022-07-02T17:11:27+00:00","description":"iDisplay est un fournisseur d'\u00e9crans LED fond\u00e9 en 2018. Son si\u00e8ge social se trouve \u00e0 Shenzhen, en Chine, avec une usine.","inLanguage":"fr-FR","potentialAction":[{"@type":"ReadAction","target":["https:\/\/www.idisplayled.com\/corporate-faq"]}]},{"@type":"WebSite","@id":"https:\/\/www.idisplayled.com\/#website","url":"https:\/\/www.idisplayled.com\/","name":"Signalisation \u00e9lectronique Ecrans vid\u00e9o LED Fournisseur d'\u00e9crans - iDisplay","description":"iDisplay est un fournisseur d'\u00e9crans LED fond\u00e9 en 2018. Son si\u00e8ge social se trouve \u00e0 Shenzhen, en Chine, avec une usine.","potentialAction":[{"@type":"SearchAction","target":{"@type":"EntryPoint","urlTemplate":"https:\/\/www.idisplayled.com\/?s={search_term_string}"},"query-input":"required name=search_term_string"}],"inLanguage":"fr-FR"}]}},"_links":{"self":[{"href":"https:\/\/www.idisplayled.com\/fr\/wp-json\/wp\/v2\/pages\/4106"}],"collection":[{"href":"https:\/\/www.idisplayled.com\/fr\/wp-json\/wp\/v2\/pages"}],"about":[{"href":"https:\/\/www.idisplayled.com\/fr\/wp-json\/wp\/v2\/types\/page"}],"author":[{"embeddable":true,"href":"https:\/\/www.idisplayled.com\/fr\/wp-json\/wp\/v2\/users\/4"}],"replies":[{"embeddable":true,"href":"https:\/\/www.idisplayled.com\/fr\/wp-json\/wp\/v2\/comments?post=4106"}],"version-history":[{"count":0,"href":"https:\/\/www.idisplayled.com\/fr\/wp-json\/wp\/v2\/pages\/4106\/revisions"}],"wp:attachment":[{"href":"https:\/\/www.idisplayled.com\/fr\/wp-json\/wp\/v2\/media?parent=4106"}],"curies":[{"name":"wp","href":"https:\/\/api.w.org\/{rel}","templated":true}]}}